{"id":3172,"date":"2021-03-21T14:47:17","date_gmt":"2021-03-21T13:47:17","guid":{"rendered":"https:\/\/www.engineering-learning.com\/impressum\/"},"modified":"2021-03-21T14:47:17","modified_gmt":"2021-03-21T13:47:17","slug":"impressum","status":"publish","type":"page","link":"https:\/\/engineering-learning.com\/de\/impressum\/","title":{"rendered":"Impressum"},"content":{"rendered":"<p>Dr. Anatolie Sochirean<br \/>\nKnuewerweg 46<br \/>\n44789 Bochum, Deutschland<\/p>\n<p>Tel: +49 (0)17682782240<br \/>\nFax: +49 234 97659999<br \/>\nE-mail: info@engineering-learning.com<\/p>\n<p><strong>Paragraf Umsatzsteuer-Identifikationsnummer gem\u00e4\u00df \u00a7 27 a Umsatzsteuergesetz: <\/strong><br \/>\nDE338746056<\/p>\n<p><strong>Inhaltlich verantwortlich gem\u00e4\u00df \u00a7 55 RStV:<br \/>\n<\/strong>Dr. Anatolie Sochirean<\/p>\n<p><strong>Online-Streitbeilegung<\/strong><br \/>\nDie Europ\u00e4ische Kommission stellt unter https:\/\/ec.europa.eu\/consumers\/odr\/ eine Plattform zur Online-Streitbeilegung bereit, die Verbraucher f\u00fcr die Beilegung einer Streitigkeit nutzen k\u00f6nnen und auf der weitere Informationen zum Thema Streitschlichtung zu finden sind.<\/p>\n<p><strong>Au\u00dfergerichtliche Streitbeilegung<\/strong><br \/>\nWir sind weder verpflichtet noch dazu bereit, im Falle einer Streitigkeit mit einem Verbraucher an einem Streitbeilegungsverfahren vor einer Verbraucherschlichtungsstelle teilzunehmen.<\/p>\n<p><strong>Disclaimer<\/strong><br \/>\nInformation nach dem Verbraucherstreitbeilegungsgesetz: Es besteht keine Verpflichtung und keine Bereitschaft zur Teilnahme an einem Streitbeilegungsverfahren vor einer Verbraucherschlichtungsstelle.<\/p>\n<p><strong>Haftung f\u00fcr Inhalte<\/strong><br \/>\nAls Diensteanbieter sind wir gem\u00e4\u00df \u00a7 7 Abs.1 TMG f\u00fcr eigene Inhalte auf diesen Seiten nach den allgemeinen Gesetzen verantwortlich. Nach \u00a7\u00a7 8 bis 10 TMG sind wir als Diensteanbieter jedoch nicht verpflichtet, \u00fcbermittelte oder gespeicherte fremde Informationen zu \u00fcberwachen oder nach Umst\u00e4nden zu forschen, die auf eine rechtswidrige T\u00e4tigkeit hinweisen.<\/p>\n<p>Verpflichtungen zur Entfernung oder Sperrung der Nutzung von Informationen nach den allgemeinen Gesetzen bleiben hiervon unber\u00fchrt. Eine diesbez\u00fcgliche Haftung ist jedoch erst ab dem Zeitpunkt der Kenntnis einer konkreten Rechtsverletzung m\u00f6glich. Bei Bekanntwerden von entsprechenden Rechtsverletzungen werden wir diese Inhalte umgehend entfernen.<\/p>\n<p><strong>Haftung f\u00fcr Links<\/strong><br \/>\nUnser Angebot enth\u00e4lt Links zu externen Webseiten Dritter, auf deren Inhalte wir keinen Einfluss haben. Deshalb k\u00f6nnen wir f\u00fcr diese fremden Inhalte auch keine Gew\u00e4hr \u00fcbernehmen. F\u00fcr die Inhalte der verlinkten Seiten ist stets der jeweilige Anbieter oder Betreiber der Seiten verantwortlich. Die verlinkten Seiten wurden zum Zeitpunkt der Verlinkung auf m\u00f6gliche Rechtsverst\u00f6\u00dfe \u00fcberpr\u00fcft. Rechtswidrige Inhalte waren zum Zeitpunkt der Verlinkung nicht erkennbar.<\/p>\n<p>Eine permanente inhaltliche Kontrolle der verlinkten Seiten ist jedoch ohne konkrete Anhaltspunkte einer Rechtsverletzung nicht zumutbar. Bei Bekanntwerden von Rechtsverletzungen werden wir derartige Links umgehend entfernen.<\/p>\n","protected":false},"excerpt":{"rendered":"<p>Dr. Anatolie Sochirean Knuewerweg 46 44789 Bochum, Deutschland Tel: +49 (0)17682782240 Fax: +49 234 97659999 E-mail: info@engineering-learning.com Paragraf Umsatzsteuer-Identifikationsnummer gem\u00e4\u00df \u00a7 27 a Umsatzsteuergesetz: DE338746056 Inhaltlich verantwortlich gem\u00e4\u00df \u00a7 55 RStV: Dr. Anatolie Sochirean Online-Streitbeilegung Die Europ\u00e4ische Kommission stellt unter https:\/\/ec.europa.eu\/consumers\/odr\/ eine Plattform zur Online-Streitbeilegung bereit, die Verbraucher f\u00fcr die Beilegung einer Streitigkeit nutzen k\u00f6nnen [&hellip;]<\/p>\n","protected":false},"author":1,"featured_media":0,"parent":0,"menu_order":0,"comment_status":"closed","ping_status":"closed","template":"","meta":{"ocean_post_layout":"","ocean_both_sidebars_style":"","ocean_both_sidebars_content_width":0,"ocean_both_sidebars_sidebars_width":0,"ocean_sidebar":"0","ocean_second_sidebar":"0","ocean_disable_margins":"enable","ocean_add_body_class":"","ocean_shortcode_before_top_bar":"","ocean_shortcode_after_top_bar":"","ocean_shortcode_before_header":"","ocean_shortcode_after_header":"","ocean_has_shortcode":"","ocean_shortcode_after_title":"","ocean_shortcode_before_footer_widgets":"","ocean_shortcode_after_footer_widgets":"","ocean_shortcode_before_footer_bottom":"","ocean_shortcode_after_footer_bottom":"","ocean_display_top_bar":"default","ocean_display_header":"default","ocean_header_style":"","ocean_center_header_left_menu":"0","ocean_custom_header_template":"0","ocean_custom_logo":0,"ocean_custom_retina_logo":0,"ocean_custom_logo_max_width":0,"ocean_custom_logo_tablet_max_width":0,"ocean_custom_logo_mobile_max_width":0,"ocean_custom_logo_max_height":0,"ocean_custom_logo_tablet_max_height":0,"ocean_custom_logo_mobile_max_height":0,"ocean_header_custom_menu":"0","ocean_menu_typo_font_family":"0","ocean_menu_typo_font_subset":"","ocean_menu_typo_font_size":0,"ocean_menu_typo_font_size_tablet":0,"ocean_menu_typo_font_size_mobile":0,"ocean_menu_typo_font_size_unit":"px","ocean_menu_typo_font_weight":"","ocean_menu_typo_font_weight_tablet":"","ocean_menu_typo_font_weight_mobile":"","ocean_menu_typo_transform":"","ocean_menu_typo_transform_tablet":"","ocean_menu_typo_transform_mobile":"","ocean_menu_typo_line_height":0,"ocean_menu_typo_line_height_tablet":0,"ocean_menu_typo_line_height_mobile":0,"ocean_menu_typo_line_height_unit":"","ocean_menu_typo_spacing":0,"ocean_menu_typo_spacing_tablet":0,"ocean_menu_typo_spacing_mobile":0,"ocean_menu_typo_spacing_unit":"","ocean_menu_link_color":"","ocean_menu_link_color_hover":"","ocean_menu_link_color_active":"","ocean_menu_link_background":"","ocean_menu_link_hover_background":"","ocean_menu_link_active_background":"","ocean_menu_social_links_bg":"","ocean_menu_social_hover_links_bg":"","ocean_menu_social_links_color":"","ocean_menu_social_hover_links_color":"","ocean_disable_title":"default","ocean_disable_heading":"default","ocean_post_title":"","ocean_post_subheading":"","ocean_post_title_style":"","ocean_post_title_background_color":"","ocean_post_title_background":0,"ocean_post_title_bg_image_position":"","ocean_post_title_bg_image_attachment":"","ocean_post_title_bg_image_repeat":"","ocean_post_title_bg_image_size":"","ocean_post_title_height":0,"ocean_post_title_bg_overlay":0.5,"ocean_post_title_bg_overlay_color":"","ocean_disable_breadcrumbs":"default","ocean_breadcrumbs_color":"","ocean_breadcrumbs_separator_color":"","ocean_breadcrumbs_links_color":"","ocean_breadcrumbs_links_hover_color":"","ocean_display_footer_widgets":"default","ocean_display_footer_bottom":"default","ocean_custom_footer_template":"0","footnotes":""},"class_list":["post-3172","page","type-page","status-publish","hentry","entry","owp-thumbs-layout-horizontal","owp-btn-normal","owp-tabs-layout-horizontal","has-no-thumbnails","has-product-nav"],"yoast_head":"<!-- This site is optimized with the Yoast SEO plugin v26.6 - https:\/\/yoast.com\/wordpress\/plugins\/seo\/ -->\n<title>Impressum - engineering-learning<\/title>\n<meta name=\"robots\" content=\"index, follow, max-snippet:-1, max-image-preview:large, max-video-preview:-1\" \/>\n<link rel=\"canonical\" href=\"https:\/\/engineering-learning.com\/de\/impressum\/\" \/>\n<meta property=\"og:locale\" content=\"de_DE\" \/>\n<meta property=\"og:type\" content=\"article\" \/>\n<meta property=\"og:title\" content=\"Impressum - engineering-learning\" \/>\n<meta property=\"og:description\" content=\"Dr. Anatolie Sochirean Knuewerweg 46 44789 Bochum, Deutschland Tel: +49 (0)17682782240 Fax: +49 234 97659999 E-mail: info@engineering-learning.com Paragraf Umsatzsteuer-Identifikationsnummer gem\u00e4\u00df \u00a7 27 a Umsatzsteuergesetz: DE338746056 Inhaltlich verantwortlich gem\u00e4\u00df \u00a7 55 RStV: Dr. Anatolie Sochirean Online-Streitbeilegung Die Europ\u00e4ische Kommission stellt unter https:\/\/ec.europa.eu\/consumers\/odr\/ eine Plattform zur Online-Streitbeilegung bereit, die Verbraucher f\u00fcr die Beilegung einer Streitigkeit nutzen k\u00f6nnen [&hellip;]\" \/>\n<meta property=\"og:url\" content=\"https:\/\/engineering-learning.com\/de\/impressum\/\" \/>\n<meta property=\"og:site_name\" content=\"engineering-learning\" \/>\n<meta name=\"twitter:card\" content=\"summary_large_image\" \/>\n<meta name=\"twitter:label1\" content=\"Gesch\u00e4tzte Lesezeit\" \/>\n\t<meta name=\"twitter:data1\" content=\"2\u00a0Minuten\" \/>\n<script type=\"application\/ld+json\" class=\"yoast-schema-graph\">{\"@context\":\"https:\/\/schema.org\",\"@graph\":[{\"@type\":\"WebPage\",\"@id\":\"https:\/\/engineering-learning.com\/de\/impressum\/\",\"url\":\"https:\/\/engineering-learning.com\/de\/impressum\/\",\"name\":\"Impressum - engineering-learning\",\"isPartOf\":{\"@id\":\"https:\/\/engineering-learning.com\/de\/#website\"},\"datePublished\":\"2021-03-21T13:47:17+00:00\",\"breadcrumb\":{\"@id\":\"https:\/\/engineering-learning.com\/de\/impressum\/#breadcrumb\"},\"inLanguage\":\"de\",\"potentialAction\":[{\"@type\":\"ReadAction\",\"target\":[\"https:\/\/engineering-learning.com\/de\/impressum\/\"]}]},{\"@type\":\"BreadcrumbList\",\"@id\":\"https:\/\/engineering-learning.com\/de\/impressum\/#breadcrumb\",\"itemListElement\":[{\"@type\":\"ListItem\",\"position\":1,\"name\":\"Home\",\"item\":\"https:\/\/engineering-learning.com\/de\/home\/\"},{\"@type\":\"ListItem\",\"position\":2,\"name\":\"Impressum\"}]},{\"@type\":\"WebSite\",\"@id\":\"https:\/\/engineering-learning.com\/de\/#website\",\"url\":\"https:\/\/engineering-learning.com\/de\/\",\"name\":\"engineering-learning\",\"description\":\"SOLIDWORKS API learning\",\"publisher\":{\"@id\":\"https:\/\/engineering-learning.com\/de\/#organization\"},\"potentialAction\":[{\"@type\":\"SearchAction\",\"target\":{\"@type\":\"EntryPoint\",\"urlTemplate\":\"https:\/\/engineering-learning.com\/de\/?s={search_term_string}\"},\"query-input\":{\"@type\":\"PropertyValueSpecification\",\"valueRequired\":true,\"valueName\":\"search_term_string\"}}],\"inLanguage\":\"de\"},{\"@type\":\"Organization\",\"@id\":\"https:\/\/engineering-learning.com\/de\/#organization\",\"name\":\"engineering-learning\",\"url\":\"https:\/\/engineering-learning.com\/de\/\",\"logo\":{\"@type\":\"ImageObject\",\"inLanguage\":\"de\",\"@id\":\"https:\/\/engineering-learning.com\/de\/#\/schema\/logo\/image\/\",\"url\":\"https:\/\/engineering-learning.com\/wp-content\/uploads\/2021\/06\/CompanyLogo.png\",\"contentUrl\":\"https:\/\/engineering-learning.com\/wp-content\/uploads\/2021\/06\/CompanyLogo.png\",\"width\":256,\"height\":256,\"caption\":\"engineering-learning\"},\"image\":{\"@id\":\"https:\/\/engineering-learning.com\/de\/#\/schema\/logo\/image\/\"}}]}<\/script>\n<!-- \/ Yoast SEO plugin. -->","yoast_head_json":{"title":"Impressum - engineering-learning","robots":{"index":"index","follow":"follow","max-snippet":"max-snippet:-1","max-image-preview":"max-image-preview:large","max-video-preview":"max-video-preview:-1"},"canonical":"https:\/\/engineering-learning.com\/de\/impressum\/","og_locale":"de_DE","og_type":"article","og_title":"Impressum - engineering-learning","og_description":"Dr. Anatolie Sochirean Knuewerweg 46 44789 Bochum, Deutschland Tel: +49 (0)17682782240 Fax: +49 234 97659999 E-mail: info@engineering-learning.com Paragraf Umsatzsteuer-Identifikationsnummer gem\u00e4\u00df \u00a7 27 a Umsatzsteuergesetz: DE338746056 Inhaltlich verantwortlich gem\u00e4\u00df \u00a7 55 RStV: Dr. Anatolie Sochirean Online-Streitbeilegung Die Europ\u00e4ische Kommission stellt unter https:\/\/ec.europa.eu\/consumers\/odr\/ eine Plattform zur Online-Streitbeilegung bereit, die Verbraucher f\u00fcr die Beilegung einer Streitigkeit nutzen k\u00f6nnen [&hellip;]","og_url":"https:\/\/engineering-learning.com\/de\/impressum\/","og_site_name":"engineering-learning","twitter_card":"summary_large_image","twitter_misc":{"Gesch\u00e4tzte Lesezeit":"2\u00a0Minuten"},"schema":{"@context":"https:\/\/schema.org","@graph":[{"@type":"WebPage","@id":"https:\/\/engineering-learning.com\/de\/impressum\/","url":"https:\/\/engineering-learning.com\/de\/impressum\/","name":"Impressum - engineering-learning","isPartOf":{"@id":"https:\/\/engineering-learning.com\/de\/#website"},"datePublished":"2021-03-21T13:47:17+00:00","breadcrumb":{"@id":"https:\/\/engineering-learning.com\/de\/impressum\/#breadcrumb"},"inLanguage":"de","potentialAction":[{"@type":"ReadAction","target":["https:\/\/engineering-learning.com\/de\/impressum\/"]}]},{"@type":"BreadcrumbList","@id":"https:\/\/engineering-learning.com\/de\/impressum\/#breadcrumb","itemListElement":[{"@type":"ListItem","position":1,"name":"Home","item":"https:\/\/engineering-learning.com\/de\/home\/"},{"@type":"ListItem","position":2,"name":"Impressum"}]},{"@type":"WebSite","@id":"https:\/\/engineering-learning.com\/de\/#website","url":"https:\/\/engineering-learning.com\/de\/","name":"engineering-learning","description":"SOLIDWORKS API learning","publisher":{"@id":"https:\/\/engineering-learning.com\/de\/#organization"},"potentialAction":[{"@type":"SearchAction","target":{"@type":"EntryPoint","urlTemplate":"https:\/\/engineering-learning.com\/de\/?s={search_term_string}"},"query-input":{"@type":"PropertyValueSpecification","valueRequired":true,"valueName":"search_term_string"}}],"inLanguage":"de"},{"@type":"Organization","@id":"https:\/\/engineering-learning.com\/de\/#organization","name":"engineering-learning","url":"https:\/\/engineering-learning.com\/de\/","logo":{"@type":"ImageObject","inLanguage":"de","@id":"https:\/\/engineering-learning.com\/de\/#\/schema\/logo\/image\/","url":"https:\/\/engineering-learning.com\/wp-content\/uploads\/2021\/06\/CompanyLogo.png","contentUrl":"https:\/\/engineering-learning.com\/wp-content\/uploads\/2021\/06\/CompanyLogo.png","width":256,"height":256,"caption":"engineering-learning"},"image":{"@id":"https:\/\/engineering-learning.com\/de\/#\/schema\/logo\/image\/"}}]}},"_links":{"self":[{"href":"https:\/\/engineering-learning.com\/de\/wp-json\/wp\/v2\/pages\/3172","targetHints":{"allow":["GET"]}}],"collection":[{"href":"https:\/\/engineering-learning.com\/de\/wp-json\/wp\/v2\/pages"}],"about":[{"href":"https:\/\/engineering-learning.com\/de\/wp-json\/wp\/v2\/types\/page"}],"author":[{"embeddable":true,"href":"https:\/\/engineering-learning.com\/de\/wp-json\/wp\/v2\/users\/1"}],"replies":[{"embeddable":true,"href":"https:\/\/engineering-learning.com\/de\/wp-json\/wp\/v2\/comments?post=3172"}],"version-history":[{"count":0,"href":"https:\/\/engineering-learning.com\/de\/wp-json\/wp\/v2\/pages\/3172\/revisions"}],"wp:attachment":[{"href":"https:\/\/engineering-learning.com\/de\/wp-json\/wp\/v2\/media?parent=3172"}],"curies":[{"name":"wp","href":"https:\/\/api.w.org\/{rel}","templated":true}]}}