{"id":3181,"date":"2021-03-21T21:15:36","date_gmt":"2021-03-21T20:15:36","guid":{"rendered":"https:\/\/www.engineering-learning.com\/agb\/"},"modified":"2021-06-22T17:53:40","modified_gmt":"2021-06-22T16:53:40","slug":"agb","status":"publish","type":"page","link":"https:\/\/engineering-learning.com\/de\/agb\/","title":{"rendered":"AGB"},"content":{"rendered":"<h3><strong>Allgemeine Gesch\u00e4ftsbedingungen<\/strong><\/h3>\n<p><strong>Stand: Juni 2021<\/strong><\/p>\n<h4><strong>1. Geltungsbereich<\/strong><\/h4>\n<p>Diese Nutzungsbedingungen regeln den Gebrauch inklusive Kauf und Verkauf von Materialien auf unserer Webseite (nachfolgend \u201cPlattform\u201d). K\u00e4ufer*innen und Verk\u00e4ufer*innen werden im Folgenden auch als \u201cNutzer*innen\u201d bezeichnet. Auf der Webseite angebotene Dokumente (in SolidWorks oder &#8222;exe&#8220; Format), Projekte in c# oder VBA, sonstige Materialien werden im Folgenden als \u201cMaterial\u201d bezeichnet. Die auf der Webseite verf\u00fcgbaren Dienste und Services werden im Folgenden \u201cDienste\u201d genannt. Die Webseite selbst wird vom Kleinunternehmen &#8222;Dr. Anatolie Sochirean&#8220; mit Sitz in Bochum betrieben (nachfolgend \u201cAnbieter\u201d).<\/p>\n<p>Durch die nutzung der Plattform, erkl\u00e4ren Sie sich mit diesen Bedingungen einverstanden. Allen Lieferungen und Leistungen von Anbieter in Erf\u00fcllung von Auftr\u00e4gen, die der Kunde erteilt hat, liegen diese Gesch\u00e4ftsbedingungen zugrunde. Abweichende und\/oder erg\u00e4nzende Vereinbarungen bed\u00fcrfen der ausdr\u00fccklichen schriftlichen Zustimmung von Anbieter; dies gilt auch f\u00fcr eine Abbedingung des Schriftformerfordernisses.<\/p>\n<h4><strong>2. Vertragsschluss<\/strong><\/h4>\n<p>Die Bestellung des Nutzers ist ein verbindliches Vertragsangebot. Dem Nutzer wird auf seine Bestellung unverz\u00fcglich eine automatische Bestellbest\u00e4tigung zugesandt. Der Vertrag kommt jedoch erst mit Auslieferung der Materiallen und nach der Ma\u00dfgabe der auf dem Lieferschein oder Begleitschreiben vermerkten Bedingungen zustande. Bitte pr\u00fcfen Sie die Bestellbest\u00e4tigung auf Fehler sowie auf Abweichungen und setzen Sie uns unverz\u00fcglich \u00fcber allf\u00e4llige Unstimmigkeiten in Kenntnis. In Falle eines von beiden Seiten geschlossenen Vertrages gelten die Bedingungen dieses Vertrages.<\/p>\n<h4><strong>3. Preise und Versandkosten<\/strong><\/h4>\n<p>Wenn nichts anderes vereinbart wurde, gelten die folgenden Regelungen: Der Preis enth\u00e4lt kein Umsatzsteuerausweis aufgrund Anwendung der Kleinunternehmerregelung gem\u00e4\u00df \u00a7 19 UstG.<\/p>\n<h4><strong>4. Zahlungsbedingungen<\/strong><\/h4>\n<p>Die Zahlung erfolgt wahlweise per Vorkasse durch Vorab-\u00dcberweisung, per Kreditkarte, per PayPal, per Rechnung, per Lastschrifteinzug oder per Nachnahme. Wir behalten uns vor, einzelne Zahlungsarten auszuschlie\u00dfen. Bei Wahl der Zahlungsart Vorkasse nennen wir Ihnen die Bankverbindung in der Auftragsbest\u00e4tigung. Der Rechnungsbetrag ist binnen 10 Tagen auf unser Konto zu \u00fcberweisen. Ein Zur\u00fcckbehaltungsrecht k\u00f6nnen Sie nur aus\u00fcben, soweit die Anspr\u00fcche aus dem gleichen Vertragsverh\u00e4ltnis resultieren. In der Regel wird die Ware vorausgezahlt, und die Lieferung erfolgt erst nach Erhalt der Zahlung.<\/p>\n<h4><strong>5. Lieferung<br \/>\n<\/strong><\/h4>\n<p>Die Lieferung Ihres digitalen Materials erfolgt nach Abschluss des Bestellvorgangs (Bestellbest\u00e4tigung). Das Material wird im Online-Konto der Nutzer*innen hinterlegt, wof\u00fcr eine kostenlose Registrierung erforderlich ist.<\/p>\n<h4><strong>6. Haftung<\/strong><\/h4>\n<p>Anbieter ist bem\u00fcht, die angebotenen Materialien und Dienste auf dem h\u00f6chstm\u00f6glichen inhaltlichen und technischen Stand zu halten. Das gilt sowohl f\u00fcr die Korrektheit der Inhalte als auch f\u00fcr den Nichtbefall der Materialien von Viren oder andere gef\u00e4hrliche Inhalte. Anbieter \u00fcbernimmt keinerlei Haftung und Schadensersatz f\u00fcr Verluste, die dem Nutzer durch Fehler der Inhalte, durch fehlerhafte Nutzung der Dienste seitens des Nutzers oder durch Virenbefall der Materialien entsteht. Anbieter weist ausdr\u00fccklich darauf hin, dass die Pr\u00fcfung der Materialien auf Viren oder andere gef\u00e4hrliche Inhalte hin dem Nutzer obliegt.<\/p>\n<h4>7. Urheberrecht und Lizenzierung der bei Anbieter erworbenen Produkte<\/h4>\n<p>Die durch Anbieter vertriebenen Inhalte sind urheberrechtlich gesch\u00fctzt. Jede Nutzung unterliegt den geltenden Urheberrechts- und Schutzgesetzen. Der Nutzer verpflichtet sich, diese anzuerkennen und einzuhalten. Dazu geh\u00f6rt insbesondere das Verbot der Vervielf\u00e4ltigung und Nutzbarmachung der Materialien f\u00fcr Dritte, beispielsweise durch die Aufnahme in elektronische Datenbanken oder das Erstellen von Sammlungen, Pressearchiven oder Pressespiegeln. Dieses Verbot schlie\u00dft auch den elektronischen Versand an Dritte sowie die Bereitstellung der Inhalte im Internet ein. Zuwiderhandlungen k\u00f6nnen Schadensersatzforderungen nach sich ziehen.<\/p>\n<p>Beim Kauf eines Materialen erh\u00e4lt der K\u00e4ufer \u2013 wenn beim jeweiligen Produkt in der Beschreibung nicht ausdr\u00fccklich anders erw\u00e4hnt \u2013 eine Einzellizenz.<\/p>\n<h4><strong>8. Newsletter<\/strong><\/h4>\n<p>Wenn Sie sich f\u00fcr einen oder mehrere der Newsletter von Anbieter registriert haben, erfordert dies die Weitergabe der im Newsletter genutzten Daten (Anrede, Titel, Vorname, Nachname, E-Mail) an einen Dienstleister (Sendinblue), der den eigentlichen Newsletter technisch ausliefert. Grundlage f\u00fcr die Weitergabe der Daten ist die Erlaubnis zur Verarbeitung von Daten zur Erf\u00fcllung eines Vertrags oder vorvertraglicher Ma\u00dfnahmen (Art. 6 Abs. 1 lit. a DSGVO). Die Datenschutzinformationen von Sendinblue finden Sie hier: https:\/\/de.sendinblue.com\/datenschutz-uebersicht\/<\/p>\n<h4><strong>9. Eigentumsvorbehalt<\/strong><\/h4>\n<p>Bis zur vollst\u00e4ndigen Zahlung des Kaufpreises bleibt die Ware Eigentum von Anbieter.<\/p>\n<h4><strong>10. Widerrufsbelehrung. Widerrufsrecht <\/strong><strong>Widerrufsrecht<\/strong><\/h4>\n<p>Sie k\u00f6nnen Ihre Vertragserkl\u00e4rung innerhalb von 14 Tagen ohne Angabe von Gr\u00fcnden in Textform (z. B. Brief, E-Mail) oder \u2013 wenn Ihnen die Sache vor Fristablauf \u00fcberlassen wird \u2013 durch R\u00fccksendung der Sache widerrufen. Die Frist beginnt nach Erhalt dieser Belehrung in Textform, jedoch nicht vor Eingang der Ware beim Empf\u00e4nger (bei der wiederkehrenden Lieferung gleichartiger Waren nicht vor Eingang der ersten Teillieferung) und auch nicht vor Erf\u00fcllung unserer Informationspflichten gem\u00e4\u00df Artikel 246 \u00a7 2 in Verbindung mit \u00a7 1 Abs. 1 und 2 EGBGB sowie unserer Pflichten gem\u00e4\u00df \u00a7 312e Abs. 1 Satz 1 BGB in Verbindung mit Artikel 246 \u00a7 3 EGBGB. Zur Wahrung der Widerrufsfrist gen\u00fcgt die rechtzeitige Absendung des Widerrufs oder der Sache. Der Widerruf ist zu richten an:<\/p>\n<p>Dr. Anatolie Sochirean<br \/>\nKn\u00fcwerweg 46<br \/>\n44789 Bochum<br \/>\nDeutschland<\/p>\n<p>Fax: +49 234 97659999<br \/>\nE-mail: info@engineering-learning.com<\/p>\n<p>Das Widerrufsrecht besteht nicht bei der Lieferung von versiegelter Software, Audio- oder Videoaufzeichnungen, sofern die gelieferten Datentr\u00e4ger vom Kunden entsiegelt worden sind (z.B. Cellophanierung entfernt oder Siegel aufgebrochen), sowie bei per Download ausgelieferten Programmen, oder bei Materialien, die in digitaler Form sind.Seit dem 13.06.2014 gilt das neue Verbraucher &#8211; und Widerrufsrecht (EU-Richtlinie 2011\/83\/EU). demnach m\u00fcssen sie \u2013 als Nutzer \u2013 ausdr\u00fccklich zustimmen, dass Sie bei Downloadprodukten auf ihr Widerrufsrecht verzichten. dies tun Sie, in dem Sie diese AGB\u2019s gelesen haben und weiter zum Kauf klicken.<\/p>\n<h4><strong>11. Datenschutz\/Cookies<\/strong><\/h4>\n<p>Wir verwenden Ihre Bestandsdaten ausschlie\u00dflich zur Abwicklung Ihrer Bestellung. Alle Kundendaten werden unter Beachtung der einschl\u00e4gigen Vorschriften der Bundesdatenschutzgesetze (BDSG) und des Teledienstdatenschutzgesetzes (TDDSG) von uns gespeichert und verarbeitet. Sie haben jederzeit ein Recht auf kostenlose Auskunft, Berichtigung, Sperrung und L\u00f6schung Ihrer gespeicherten Daten. Wir geben Ihre personenbezogenen Daten einschlie\u00dflich Ihrer Haus-Adresse und E-Mail-Adresse nicht ohne Ihre ausdr\u00fcckliche und jederzeit widerrufliche Einwilligung an Dritte weiter. Ausgenommen hiervon sind unsere Dienstleistungspartner, die zur Bestellabwicklung die \u00dcbermittlung von Daten ben\u00f6tigen (z.B. das mit der Lieferung beauftragte Versandunternehmen und das mit der Zahlungsabwicklung beauftragte Kreditinstitut). In diesen F\u00e4llen beschr\u00e4nkt sich der Umfang der \u00fcbermittelten Daten jedoch nur auf das erforderliche Minimum Wir setzen technische und organisatorische Sicherheitsma\u00dfnahmen ein, um Ihre durch uns verwalteten Daten gegen zuf\u00e4llige oder vors\u00e4tzliche Manipulationen, Verlust, Zerst\u00f6rung oder gegen den Zugriff unberechtigter Personen zu sch\u00fctzen.<\/p>\n<p>Kreditkarteninformationen \u00fcbertragen wir verschl\u00fcsselt per 128 Bit SSL (Secure Socket Layer) auf ein Payment-Gateway, das direkt mit der Kreditkartenpr\u00fcfstelle verbunden ist. Die Daten werden online verifiziert. Die Abbuchung erfolgt erst nach Auslieferung der Ware.<\/p>\n<p><a href=\"https:\/\/www.engineering-learning.com\/de\/erklaerung-zu-den-datenschutzrichtlinien\/\" target=\"_blank\" rel=\"noopener\">Datenschutzerkl\u00e4rung.<\/a><\/p>\n","protected":false},"excerpt":{"rendered":"<p>Allgemeine Gesch\u00e4ftsbedingungen Stand: Juni 2021 1. Geltungsbereich Diese Nutzungsbedingungen regeln den Gebrauch inklusive Kauf und Verkauf von Materialien auf unserer Webseite (nachfolgend \u201cPlattform\u201d). K\u00e4ufer*innen und Verk\u00e4ufer*innen werden im Folgenden auch als \u201cNutzer*innen\u201d bezeichnet. Auf der Webseite angebotene Dokumente (in SolidWorks oder &#8222;exe&#8220; Format), Projekte in c# oder VBA, sonstige Materialien werden im Folgenden als \u201cMaterial\u201d [&hellip;]<\/p>\n","protected":false},"author":1,"featured_media":0,"parent":0,"menu_order":0,"comment_status":"closed","ping_status":"closed","template":"","meta":{"ocean_post_layout":"","ocean_both_sidebars_style":"","ocean_both_sidebars_content_width":0,"ocean_both_sidebars_sidebars_width":0,"ocean_sidebar":"0","ocean_second_sidebar":"0","ocean_disable_margins":"enable","ocean_add_body_class":"","ocean_shortcode_before_top_bar":"","ocean_shortcode_after_top_bar":"","ocean_shortcode_before_header":"","ocean_shortcode_after_header":"","ocean_has_shortcode":"","ocean_shortcode_after_title":"","ocean_shortcode_before_footer_widgets":"","ocean_shortcode_after_footer_widgets":"","ocean_shortcode_before_footer_bottom":"","ocean_shortcode_after_footer_bottom":"","ocean_display_top_bar":"default","ocean_display_header":"default","ocean_header_style":"","ocean_center_header_left_menu":"0","ocean_custom_header_template":"0","ocean_custom_logo":0,"ocean_custom_retina_logo":0,"ocean_custom_logo_max_width":0,"ocean_custom_logo_tablet_max_width":0,"ocean_custom_logo_mobile_max_width":0,"ocean_custom_logo_max_height":0,"ocean_custom_logo_tablet_max_height":0,"ocean_custom_logo_mobile_max_height":0,"ocean_header_custom_menu":"0","ocean_menu_typo_font_family":"0","ocean_menu_typo_font_subset":"","ocean_menu_typo_font_size":0,"ocean_menu_typo_font_size_tablet":0,"ocean_menu_typo_font_size_mobile":0,"ocean_menu_typo_font_size_unit":"px","ocean_menu_typo_font_weight":"","ocean_menu_typo_font_weight_tablet":"","ocean_menu_typo_font_weight_mobile":"","ocean_menu_typo_transform":"","ocean_menu_typo_transform_tablet":"","ocean_menu_typo_transform_mobile":"","ocean_menu_typo_line_height":0,"ocean_menu_typo_line_height_tablet":0,"ocean_menu_typo_line_height_mobile":0,"ocean_menu_typo_line_height_unit":"","ocean_menu_typo_spacing":0,"ocean_menu_typo_spacing_tablet":0,"ocean_menu_typo_spacing_mobile":0,"ocean_menu_typo_spacing_unit":"","ocean_menu_link_color":"","ocean_menu_link_color_hover":"","ocean_menu_link_color_active":"","ocean_menu_link_background":"","ocean_menu_link_hover_background":"","ocean_menu_link_active_background":"","ocean_menu_social_links_bg":"","ocean_menu_social_hover_links_bg":"","ocean_menu_social_links_color":"","ocean_menu_social_hover_links_color":"","ocean_disable_title":"default","ocean_disable_heading":"default","ocean_post_title":"","ocean_post_subheading":"","ocean_post_title_style":"","ocean_post_title_background_color":"","ocean_post_title_background":0,"ocean_post_title_bg_image_position":"","ocean_post_title_bg_image_attachment":"","ocean_post_title_bg_image_repeat":"","ocean_post_title_bg_image_size":"","ocean_post_title_height":0,"ocean_post_title_bg_overlay":0.5,"ocean_post_title_bg_overlay_color":"","ocean_disable_breadcrumbs":"default","ocean_breadcrumbs_color":"","ocean_breadcrumbs_separator_color":"","ocean_breadcrumbs_links_color":"","ocean_breadcrumbs_links_hover_color":"","ocean_display_footer_widgets":"default","ocean_display_footer_bottom":"default","ocean_custom_footer_template":"0","footnotes":""},"class_list":["post-3181","page","type-page","status-publish","hentry","entry","owp-thumbs-layout-horizontal","owp-btn-normal","owp-tabs-layout-horizontal","has-no-thumbnails","has-product-nav"],"yoast_head":"<!-- This site is optimized with the Yoast SEO plugin v26.6 - https:\/\/yoast.com\/wordpress\/plugins\/seo\/ -->\n<title>AGB - engineering-learning<\/title>\n<meta name=\"robots\" content=\"index, follow, max-snippet:-1, max-image-preview:large, max-video-preview:-1\" \/>\n<link rel=\"canonical\" href=\"https:\/\/engineering-learning.com\/de\/agb\/\" \/>\n<meta property=\"og:locale\" content=\"de_DE\" \/>\n<meta property=\"og:type\" content=\"article\" \/>\n<meta property=\"og:title\" content=\"AGB - engineering-learning\" \/>\n<meta property=\"og:description\" content=\"Allgemeine Gesch\u00e4ftsbedingungen Stand: Juni 2021 1. Geltungsbereich Diese Nutzungsbedingungen regeln den Gebrauch inklusive Kauf und Verkauf von Materialien auf unserer Webseite (nachfolgend \u201cPlattform\u201d). K\u00e4ufer*innen und Verk\u00e4ufer*innen werden im Folgenden auch als \u201cNutzer*innen\u201d bezeichnet. Auf der Webseite angebotene Dokumente (in SolidWorks oder &#8222;exe&#8220; Format), Projekte in c# oder VBA, sonstige Materialien werden im Folgenden als \u201cMaterial\u201d [&hellip;]\" \/>\n<meta property=\"og:url\" content=\"https:\/\/engineering-learning.com\/de\/agb\/\" \/>\n<meta property=\"og:site_name\" content=\"engineering-learning\" \/>\n<meta property=\"article:modified_time\" content=\"2021-06-22T16:53:40+00:00\" \/>\n<meta name=\"twitter:card\" content=\"summary_large_image\" \/>\n<meta name=\"twitter:label1\" content=\"Gesch\u00e4tzte Lesezeit\" \/>\n\t<meta name=\"twitter:data1\" content=\"5\u00a0Minuten\" \/>\n<script type=\"application\/ld+json\" class=\"yoast-schema-graph\">{\"@context\":\"https:\/\/schema.org\",\"@graph\":[{\"@type\":\"WebPage\",\"@id\":\"https:\/\/engineering-learning.com\/de\/agb\/\",\"url\":\"https:\/\/engineering-learning.com\/de\/agb\/\",\"name\":\"AGB - engineering-learning\",\"isPartOf\":{\"@id\":\"https:\/\/engineering-learning.com\/de\/#website\"},\"datePublished\":\"2021-03-21T20:15:36+00:00\",\"dateModified\":\"2021-06-22T16:53:40+00:00\",\"breadcrumb\":{\"@id\":\"https:\/\/engineering-learning.com\/de\/agb\/#breadcrumb\"},\"inLanguage\":\"de\",\"potentialAction\":[{\"@type\":\"ReadAction\",\"target\":[\"https:\/\/engineering-learning.com\/de\/agb\/\"]}]},{\"@type\":\"BreadcrumbList\",\"@id\":\"https:\/\/engineering-learning.com\/de\/agb\/#breadcrumb\",\"itemListElement\":[{\"@type\":\"ListItem\",\"position\":1,\"name\":\"Home\",\"item\":\"https:\/\/engineering-learning.com\/de\/home\/\"},{\"@type\":\"ListItem\",\"position\":2,\"name\":\"AGB\"}]},{\"@type\":\"WebSite\",\"@id\":\"https:\/\/engineering-learning.com\/de\/#website\",\"url\":\"https:\/\/engineering-learning.com\/de\/\",\"name\":\"engineering-learning\",\"description\":\"SOLIDWORKS API learning\",\"publisher\":{\"@id\":\"https:\/\/engineering-learning.com\/de\/#organization\"},\"potentialAction\":[{\"@type\":\"SearchAction\",\"target\":{\"@type\":\"EntryPoint\",\"urlTemplate\":\"https:\/\/engineering-learning.com\/de\/?s={search_term_string}\"},\"query-input\":{\"@type\":\"PropertyValueSpecification\",\"valueRequired\":true,\"valueName\":\"search_term_string\"}}],\"inLanguage\":\"de\"},{\"@type\":\"Organization\",\"@id\":\"https:\/\/engineering-learning.com\/de\/#organization\",\"name\":\"engineering-learning\",\"url\":\"https:\/\/engineering-learning.com\/de\/\",\"logo\":{\"@type\":\"ImageObject\",\"inLanguage\":\"de\",\"@id\":\"https:\/\/engineering-learning.com\/de\/#\/schema\/logo\/image\/\",\"url\":\"https:\/\/engineering-learning.com\/wp-content\/uploads\/2021\/06\/CompanyLogo.png\",\"contentUrl\":\"https:\/\/engineering-learning.com\/wp-content\/uploads\/2021\/06\/CompanyLogo.png\",\"width\":256,\"height\":256,\"caption\":\"engineering-learning\"},\"image\":{\"@id\":\"https:\/\/engineering-learning.com\/de\/#\/schema\/logo\/image\/\"}}]}<\/script>\n<!-- \/ Yoast SEO plugin. -->","yoast_head_json":{"title":"AGB - engineering-learning","robots":{"index":"index","follow":"follow","max-snippet":"max-snippet:-1","max-image-preview":"max-image-preview:large","max-video-preview":"max-video-preview:-1"},"canonical":"https:\/\/engineering-learning.com\/de\/agb\/","og_locale":"de_DE","og_type":"article","og_title":"AGB - engineering-learning","og_description":"Allgemeine Gesch\u00e4ftsbedingungen Stand: Juni 2021 1. Geltungsbereich Diese Nutzungsbedingungen regeln den Gebrauch inklusive Kauf und Verkauf von Materialien auf unserer Webseite (nachfolgend \u201cPlattform\u201d). K\u00e4ufer*innen und Verk\u00e4ufer*innen werden im Folgenden auch als \u201cNutzer*innen\u201d bezeichnet. Auf der Webseite angebotene Dokumente (in SolidWorks oder &#8222;exe&#8220; Format), Projekte in c# oder VBA, sonstige Materialien werden im Folgenden als \u201cMaterial\u201d [&hellip;]","og_url":"https:\/\/engineering-learning.com\/de\/agb\/","og_site_name":"engineering-learning","article_modified_time":"2021-06-22T16:53:40+00:00","twitter_card":"summary_large_image","twitter_misc":{"Gesch\u00e4tzte Lesezeit":"5\u00a0Minuten"},"schema":{"@context":"https:\/\/schema.org","@graph":[{"@type":"WebPage","@id":"https:\/\/engineering-learning.com\/de\/agb\/","url":"https:\/\/engineering-learning.com\/de\/agb\/","name":"AGB - engineering-learning","isPartOf":{"@id":"https:\/\/engineering-learning.com\/de\/#website"},"datePublished":"2021-03-21T20:15:36+00:00","dateModified":"2021-06-22T16:53:40+00:00","breadcrumb":{"@id":"https:\/\/engineering-learning.com\/de\/agb\/#breadcrumb"},"inLanguage":"de","potentialAction":[{"@type":"ReadAction","target":["https:\/\/engineering-learning.com\/de\/agb\/"]}]},{"@type":"BreadcrumbList","@id":"https:\/\/engineering-learning.com\/de\/agb\/#breadcrumb","itemListElement":[{"@type":"ListItem","position":1,"name":"Home","item":"https:\/\/engineering-learning.com\/de\/home\/"},{"@type":"ListItem","position":2,"name":"AGB"}]},{"@type":"WebSite","@id":"https:\/\/engineering-learning.com\/de\/#website","url":"https:\/\/engineering-learning.com\/de\/","name":"engineering-learning","description":"SOLIDWORKS API learning","publisher":{"@id":"https:\/\/engineering-learning.com\/de\/#organization"},"potentialAction":[{"@type":"SearchAction","target":{"@type":"EntryPoint","urlTemplate":"https:\/\/engineering-learning.com\/de\/?s={search_term_string}"},"query-input":{"@type":"PropertyValueSpecification","valueRequired":true,"valueName":"search_term_string"}}],"inLanguage":"de"},{"@type":"Organization","@id":"https:\/\/engineering-learning.com\/de\/#organization","name":"engineering-learning","url":"https:\/\/engineering-learning.com\/de\/","logo":{"@type":"ImageObject","inLanguage":"de","@id":"https:\/\/engineering-learning.com\/de\/#\/schema\/logo\/image\/","url":"https:\/\/engineering-learning.com\/wp-content\/uploads\/2021\/06\/CompanyLogo.png","contentUrl":"https:\/\/engineering-learning.com\/wp-content\/uploads\/2021\/06\/CompanyLogo.png","width":256,"height":256,"caption":"engineering-learning"},"image":{"@id":"https:\/\/engineering-learning.com\/de\/#\/schema\/logo\/image\/"}}]}},"_links":{"self":[{"href":"https:\/\/engineering-learning.com\/de\/wp-json\/wp\/v2\/pages\/3181","targetHints":{"allow":["GET"]}}],"collection":[{"href":"https:\/\/engineering-learning.com\/de\/wp-json\/wp\/v2\/pages"}],"about":[{"href":"https:\/\/engineering-learning.com\/de\/wp-json\/wp\/v2\/types\/page"}],"author":[{"embeddable":true,"href":"https:\/\/engineering-learning.com\/de\/wp-json\/wp\/v2\/users\/1"}],"replies":[{"embeddable":true,"href":"https:\/\/engineering-learning.com\/de\/wp-json\/wp\/v2\/comments?post=3181"}],"version-history":[{"count":0,"href":"https:\/\/engineering-learning.com\/de\/wp-json\/wp\/v2\/pages\/3181\/revisions"}],"wp:attachment":[{"href":"https:\/\/engineering-learning.com\/de\/wp-json\/wp\/v2\/media?parent=3181"}],"curies":[{"name":"wp","href":"https:\/\/api.w.org\/{rel}","templated":true}]}}