{"id":4057,"date":"2021-06-01T20:48:03","date_gmt":"2021-06-01T19:48:03","guid":{"rendered":"https:\/\/www.engineering-learning.com\/?post_type=product&#038;p=4057"},"modified":"2021-06-01T20:52:59","modified_gmt":"2021-06-01T19:52:59","slug":"shaft-var-03-free","status":"publish","type":"product","link":"https:\/\/engineering-learning.com\/de\/product\/shaft-var-03-free\/","title":{"rendered":"Shaft [Var. 03] free"},"content":{"rendered":"","protected":false},"excerpt":{"rendered":"<p><em><strong>\u00dcbung:<\/strong><\/em> Erstellung eines 3D-Modells f\u00fcr einen Teil von Typ Welle. Isometrische Ansicht mit dem Bild \u00fcbereinstimmt.<\/p>\n<p><strong><em>Verwendete Elemente:<\/em><\/strong><br \/>\n<em>Skizzenelemente \/ Skizzierwerkzeuge:<\/em> Konstruktionslinien, Linien, Polygon.<br \/>\n<em>Skizzenbeziehungen:<\/em> Koradial, Vertikal.<br \/>\n<em>Bema\u00dfungen:<\/em> Lineare, Erstellung einer symmetrischer Bema\u00dfung (zwischen zwei Linien und Punkt &#8211; Linien).<br \/>\n<em>Features:<\/em> Linear ausgetragener Aufsatz (Typ: Durch alles), Aufsatz\/Basis rotiert.<br \/>\n<em>Allgemein:<\/em> Erstellung eines Array der Basispunkte, Erstellung der Konturen, Einstellung einer Type der Bema\u00dfung \u2013 Durchmesser, Erstellung des Namens einer Oberfl\u00e4che, Oberfl\u00e4che bei Namen ausw\u00e4hlen, Ermittlung des Kreisbogens aus Array von Skizzenelementen.<br \/>\n<em>Programme:<\/em> Visual Studio 2019, SOLIDWORKS 2021.<br \/>\n<em>Bibliothek:<\/em> SolidWorks.Interop.swconst.dll; SolidWorks.Interop.sldworks.dll.<\/p>\n<p><strong><em>Autor:<\/em><\/strong> Dr. Anatolie Sochirean<\/p>\n","protected":false},"featured_media":3974,"comment_status":"open","ping_status":"closed","template":"","meta":{"ocean_post_layout":"","ocean_both_sidebars_style":"","ocean_both_sidebars_content_width":0,"ocean_both_sidebars_sidebars_width":0,"ocean_sidebar":"0","ocean_second_sidebar":"0","ocean_disable_margins":"enable","ocean_add_body_class":"","ocean_shortcode_before_top_bar":"","ocean_shortcode_after_top_bar":"","ocean_shortcode_before_header":"","ocean_shortcode_after_header":"","ocean_has_shortcode":"","ocean_shortcode_after_title":"","ocean_shortcode_before_footer_widgets":"","ocean_shortcode_after_footer_widgets":"","ocean_shortcode_before_footer_bottom":"","ocean_shortcode_after_footer_bottom":"","ocean_display_top_bar":"default","ocean_display_header":"default","ocean_header_style":"","ocean_center_header_left_menu":"0","ocean_custom_header_template":"0","ocean_custom_logo":0,"ocean_custom_retina_logo":0,"ocean_custom_logo_max_width":0,"ocean_custom_logo_tablet_max_width":0,"ocean_custom_logo_mobile_max_width":0,"ocean_custom_logo_max_height":0,"ocean_custom_logo_tablet_max_height":0,"ocean_custom_logo_mobile_max_height":0,"ocean_header_custom_menu":"0","ocean_menu_typo_font_family":"0","ocean_menu_typo_font_subset":"","ocean_menu_typo_font_size":0,"ocean_menu_typo_font_size_tablet":0,"ocean_menu_typo_font_size_mobile":0,"ocean_menu_typo_font_size_unit":"px","ocean_menu_typo_font_weight":"","ocean_menu_typo_font_weight_tablet":"","ocean_menu_typo_font_weight_mobile":"","ocean_menu_typo_transform":"","ocean_menu_typo_transform_tablet":"","ocean_menu_typo_transform_mobile":"","ocean_menu_typo_line_height":0,"ocean_menu_typo_line_height_tablet":0,"ocean_menu_typo_line_height_mobile":0,"ocean_menu_typo_line_height_unit":"","ocean_menu_typo_spacing":0,"ocean_menu_typo_spacing_tablet":0,"ocean_menu_typo_spacing_mobile":0,"ocean_menu_typo_spacing_unit":"","ocean_menu_link_color":"","ocean_menu_link_color_hover":"","ocean_menu_link_color_active":"","ocean_menu_link_background":"","ocean_menu_link_hover_background":"","ocean_menu_link_active_background":"","ocean_menu_social_links_bg":"","ocean_menu_social_hover_links_bg":"","ocean_menu_social_links_color":"","ocean_menu_social_hover_links_color":"","ocean_disable_title":"default","ocean_disable_heading":"default","ocean_post_title":"","ocean_post_subheading":"","ocean_post_title_style":"","ocean_post_title_background_color":"","ocean_post_title_background":0,"ocean_post_title_bg_image_position":"","ocean_post_title_bg_image_attachment":"","ocean_post_title_bg_image_repeat":"","ocean_post_title_bg_image_size":"","ocean_post_title_height":0,"ocean_post_title_bg_overlay":0.5,"ocean_post_title_bg_overlay_color":"","ocean_disable_breadcrumbs":"default","ocean_breadcrumbs_color":"","ocean_breadcrumbs_separator_color":"","ocean_breadcrumbs_links_color":"","ocean_breadcrumbs_links_hover_color":"","ocean_display_footer_widgets":"default","ocean_display_footer_bottom":"default","ocean_custom_footer_template":"0"},"product_cat":[55],"product_tag":[58,57],"class_list":{"0":"post-4057","1":"product","2":"type-product","3":"status-publish","4":"has-post-thumbnail","6":"product_cat-erstellung-der-welle","7":"product_tag-kostenfrei","8":"product_tag-zusammen","9":"pa_unit-quelle","10":"pa_unit-teil","12":"entry","13":"has-media","15":"first","16":"instock","17":"downloadable","18":"virtual","19":"sold-individually","20":"product-type-simple","21":"has-product-nav","22":"col","23":"span_1_of_4","24":"owp-content-center","25":"owp-thumbs-layout-horizontal","26":"owp-btn-normal","27":"owp-tabs-layout-horizontal"},"yoast_head":"<!-- This site is optimized with the Yoast SEO plugin v26.6 - https:\/\/yoast.com\/wordpress\/plugins\/seo\/ -->\n<title>Shaft [Var. 03] free - engineering-learning<\/title>\n<meta name=\"robots\" content=\"index, follow, max-snippet:-1, max-image-preview:large, max-video-preview:-1\" \/>\n<link rel=\"canonical\" href=\"https:\/\/engineering-learning.com\/de\/product\/shaft-var-03-free\/\" \/>\n<meta property=\"og:locale\" content=\"de_DE\" \/>\n<meta property=\"og:type\" content=\"article\" \/>\n<meta property=\"og:title\" content=\"Shaft [Var. 03] free - engineering-learning\" \/>\n<meta property=\"og:description\" content=\"\u00dcbung: Erstellung eines 3D-Modells f\u00fcr einen Teil von Typ Welle. Isometrische Ansicht mit dem Bild \u00fcbereinstimmt.  Verwendete Elemente: Skizzenelemente \/ Skizzierwerkzeuge: Konstruktionslinien, Linien, Polygon. Skizzenbeziehungen: Koradial, Vertikal. Bema\u00dfungen: Lineare, Erstellung einer symmetrischer Bema\u00dfung (zwischen zwei Linien und Punkt - Linien). Features: Linear ausgetragener Aufsatz (Typ: Durch alles), Aufsatz\/Basis rotiert. Allgemein: Erstellung eines Array der Basispunkte, Erstellung der Konturen, Einstellung einer Type der Bema\u00dfung \u2013 Durchmesser, Erstellung des Namens einer Oberfl\u00e4che, Oberfl\u00e4che bei Namen ausw\u00e4hlen, Ermittlung des Kreisbogens aus Array von Skizzenelementen. Programme: Visual Studio 2019, SOLIDWORKS 2021. Bibliothek: SolidWorks.Interop.swconst.dll; SolidWorks.Interop.sldworks.dll.  Autor: Dr. Anatolie Sochirean\" \/>\n<meta property=\"og:url\" content=\"https:\/\/engineering-learning.com\/de\/product\/shaft-var-03-free\/\" \/>\n<meta property=\"og:site_name\" content=\"engineering-learning\" \/>\n<meta property=\"article:modified_time\" content=\"2021-06-01T19:52:59+00:00\" \/>\n<meta property=\"og:image\" content=\"https:\/\/engineering-learning.com\/wp-content\/uploads\/2021\/06\/Shaft_Var03_free_img01.png\" \/>\n\t<meta property=\"og:image:width\" content=\"1024\" \/>\n\t<meta property=\"og:image:height\" content=\"768\" \/>\n\t<meta property=\"og:image:type\" content=\"image\/png\" \/>\n<meta name=\"twitter:card\" content=\"summary_large_image\" \/>\n<script type=\"application\/ld+json\" class=\"yoast-schema-graph\">{\"@context\":\"https:\/\/schema.org\",\"@graph\":[{\"@type\":\"WebPage\",\"@id\":\"https:\/\/engineering-learning.com\/de\/product\/shaft-var-03-free\/\",\"url\":\"https:\/\/engineering-learning.com\/de\/product\/shaft-var-03-free\/\",\"name\":\"Shaft [Var. 03] free - engineering-learning\",\"isPartOf\":{\"@id\":\"https:\/\/engineering-learning.com\/de\/#website\"},\"primaryImageOfPage\":{\"@id\":\"https:\/\/engineering-learning.com\/de\/product\/shaft-var-03-free\/#primaryimage\"},\"image\":{\"@id\":\"https:\/\/engineering-learning.com\/de\/product\/shaft-var-03-free\/#primaryimage\"},\"thumbnailUrl\":\"https:\/\/engineering-learning.com\/wp-content\/uploads\/2021\/06\/Shaft_Var03_free_img01.png\",\"datePublished\":\"2021-06-01T19:48:03+00:00\",\"dateModified\":\"2021-06-01T19:52:59+00:00\",\"breadcrumb\":{\"@id\":\"https:\/\/engineering-learning.com\/de\/product\/shaft-var-03-free\/#breadcrumb\"},\"inLanguage\":\"de\",\"potentialAction\":[{\"@type\":\"ReadAction\",\"target\":[\"https:\/\/engineering-learning.com\/de\/product\/shaft-var-03-free\/\"]}]},{\"@type\":\"ImageObject\",\"inLanguage\":\"de\",\"@id\":\"https:\/\/engineering-learning.com\/de\/product\/shaft-var-03-free\/#primaryimage\",\"url\":\"https:\/\/engineering-learning.com\/wp-content\/uploads\/2021\/06\/Shaft_Var03_free_img01.png\",\"contentUrl\":\"https:\/\/engineering-learning.com\/wp-content\/uploads\/2021\/06\/Shaft_Var03_free_img01.png\",\"width\":1024,\"height\":768},{\"@type\":\"BreadcrumbList\",\"@id\":\"https:\/\/engineering-learning.com\/de\/product\/shaft-var-03-free\/#breadcrumb\",\"itemListElement\":[{\"@type\":\"ListItem\",\"position\":1,\"name\":\"Home\",\"item\":\"https:\/\/engineering-learning.com\/de\/home\/\"},{\"@type\":\"ListItem\",\"position\":2,\"name\":\"Shop\",\"item\":\"https:\/\/engineering-learning.com\/de\/shop\/\"},{\"@type\":\"ListItem\",\"position\":3,\"name\":\"Shaft [Var. 03] free\"}]},{\"@type\":\"WebSite\",\"@id\":\"https:\/\/engineering-learning.com\/de\/#website\",\"url\":\"https:\/\/engineering-learning.com\/de\/\",\"name\":\"engineering-learning\",\"description\":\"SOLIDWORKS API learning\",\"publisher\":{\"@id\":\"https:\/\/engineering-learning.com\/de\/#organization\"},\"potentialAction\":[{\"@type\":\"SearchAction\",\"target\":{\"@type\":\"EntryPoint\",\"urlTemplate\":\"https:\/\/engineering-learning.com\/de\/?s={search_term_string}\"},\"query-input\":{\"@type\":\"PropertyValueSpecification\",\"valueRequired\":true,\"valueName\":\"search_term_string\"}}],\"inLanguage\":\"de\"},{\"@type\":\"Organization\",\"@id\":\"https:\/\/engineering-learning.com\/de\/#organization\",\"name\":\"engineering-learning\",\"url\":\"https:\/\/engineering-learning.com\/de\/\",\"logo\":{\"@type\":\"ImageObject\",\"inLanguage\":\"de\",\"@id\":\"https:\/\/engineering-learning.com\/de\/#\/schema\/logo\/image\/\",\"url\":\"https:\/\/engineering-learning.com\/wp-content\/uploads\/2021\/06\/CompanyLogo.png\",\"contentUrl\":\"https:\/\/engineering-learning.com\/wp-content\/uploads\/2021\/06\/CompanyLogo.png\",\"width\":256,\"height\":256,\"caption\":\"engineering-learning\"},\"image\":{\"@id\":\"https:\/\/engineering-learning.com\/de\/#\/schema\/logo\/image\/\"}}]}<\/script>\n<!-- \/ Yoast SEO plugin. -->","yoast_head_json":{"title":"Shaft [Var. 03] free - engineering-learning","robots":{"index":"index","follow":"follow","max-snippet":"max-snippet:-1","max-image-preview":"max-image-preview:large","max-video-preview":"max-video-preview:-1"},"canonical":"https:\/\/engineering-learning.com\/de\/product\/shaft-var-03-free\/","og_locale":"de_DE","og_type":"article","og_title":"Shaft [Var. 03] free - engineering-learning","og_description":"\u00dcbung: Erstellung eines 3D-Modells f\u00fcr einen Teil von Typ Welle. Isometrische Ansicht mit dem Bild \u00fcbereinstimmt.  Verwendete Elemente: Skizzenelemente \/ Skizzierwerkzeuge: Konstruktionslinien, Linien, Polygon. Skizzenbeziehungen: Koradial, Vertikal. Bema\u00dfungen: Lineare, Erstellung einer symmetrischer Bema\u00dfung (zwischen zwei Linien und Punkt - Linien). Features: Linear ausgetragener Aufsatz (Typ: Durch alles), Aufsatz\/Basis rotiert. Allgemein: Erstellung eines Array der Basispunkte, Erstellung der Konturen, Einstellung einer Type der Bema\u00dfung \u2013 Durchmesser, Erstellung des Namens einer Oberfl\u00e4che, Oberfl\u00e4che bei Namen ausw\u00e4hlen, Ermittlung des Kreisbogens aus Array von Skizzenelementen. Programme: Visual Studio 2019, SOLIDWORKS 2021. Bibliothek: SolidWorks.Interop.swconst.dll; SolidWorks.Interop.sldworks.dll.  Autor: Dr. Anatolie Sochirean","og_url":"https:\/\/engineering-learning.com\/de\/product\/shaft-var-03-free\/","og_site_name":"engineering-learning","article_modified_time":"2021-06-01T19:52:59+00:00","og_image":[{"width":1024,"height":768,"url":"https:\/\/engineering-learning.com\/wp-content\/uploads\/2021\/06\/Shaft_Var03_free_img01.png","type":"image\/png"}],"twitter_card":"summary_large_image","schema":{"@context":"https:\/\/schema.org","@graph":[{"@type":"WebPage","@id":"https:\/\/engineering-learning.com\/de\/product\/shaft-var-03-free\/","url":"https:\/\/engineering-learning.com\/de\/product\/shaft-var-03-free\/","name":"Shaft [Var. 03] free - engineering-learning","isPartOf":{"@id":"https:\/\/engineering-learning.com\/de\/#website"},"primaryImageOfPage":{"@id":"https:\/\/engineering-learning.com\/de\/product\/shaft-var-03-free\/#primaryimage"},"image":{"@id":"https:\/\/engineering-learning.com\/de\/product\/shaft-var-03-free\/#primaryimage"},"thumbnailUrl":"https:\/\/engineering-learning.com\/wp-content\/uploads\/2021\/06\/Shaft_Var03_free_img01.png","datePublished":"2021-06-01T19:48:03+00:00","dateModified":"2021-06-01T19:52:59+00:00","breadcrumb":{"@id":"https:\/\/engineering-learning.com\/de\/product\/shaft-var-03-free\/#breadcrumb"},"inLanguage":"de","potentialAction":[{"@type":"ReadAction","target":["https:\/\/engineering-learning.com\/de\/product\/shaft-var-03-free\/"]}]},{"@type":"ImageObject","inLanguage":"de","@id":"https:\/\/engineering-learning.com\/de\/product\/shaft-var-03-free\/#primaryimage","url":"https:\/\/engineering-learning.com\/wp-content\/uploads\/2021\/06\/Shaft_Var03_free_img01.png","contentUrl":"https:\/\/engineering-learning.com\/wp-content\/uploads\/2021\/06\/Shaft_Var03_free_img01.png","width":1024,"height":768},{"@type":"BreadcrumbList","@id":"https:\/\/engineering-learning.com\/de\/product\/shaft-var-03-free\/#breadcrumb","itemListElement":[{"@type":"ListItem","position":1,"name":"Home","item":"https:\/\/engineering-learning.com\/de\/home\/"},{"@type":"ListItem","position":2,"name":"Shop","item":"https:\/\/engineering-learning.com\/de\/shop\/"},{"@type":"ListItem","position":3,"name":"Shaft [Var. 03] free"}]},{"@type":"WebSite","@id":"https:\/\/engineering-learning.com\/de\/#website","url":"https:\/\/engineering-learning.com\/de\/","name":"engineering-learning","description":"SOLIDWORKS API learning","publisher":{"@id":"https:\/\/engineering-learning.com\/de\/#organization"},"potentialAction":[{"@type":"SearchAction","target":{"@type":"EntryPoint","urlTemplate":"https:\/\/engineering-learning.com\/de\/?s={search_term_string}"},"query-input":{"@type":"PropertyValueSpecification","valueRequired":true,"valueName":"search_term_string"}}],"inLanguage":"de"},{"@type":"Organization","@id":"https:\/\/engineering-learning.com\/de\/#organization","name":"engineering-learning","url":"https:\/\/engineering-learning.com\/de\/","logo":{"@type":"ImageObject","inLanguage":"de","@id":"https:\/\/engineering-learning.com\/de\/#\/schema\/logo\/image\/","url":"https:\/\/engineering-learning.com\/wp-content\/uploads\/2021\/06\/CompanyLogo.png","contentUrl":"https:\/\/engineering-learning.com\/wp-content\/uploads\/2021\/06\/CompanyLogo.png","width":256,"height":256,"caption":"engineering-learning"},"image":{"@id":"https:\/\/engineering-learning.com\/de\/#\/schema\/logo\/image\/"}}]}},"_links":{"self":[{"href":"https:\/\/engineering-learning.com\/de\/wp-json\/wp\/v2\/product\/4057","targetHints":{"allow":["GET"]}}],"collection":[{"href":"https:\/\/engineering-learning.com\/de\/wp-json\/wp\/v2\/product"}],"about":[{"href":"https:\/\/engineering-learning.com\/de\/wp-json\/wp\/v2\/types\/product"}],"replies":[{"embeddable":true,"href":"https:\/\/engineering-learning.com\/de\/wp-json\/wp\/v2\/comments?post=4057"}],"version-history":[{"count":0,"href":"https:\/\/engineering-learning.com\/de\/wp-json\/wp\/v2\/product\/4057\/revisions"}],"wp:featuredmedia":[{"embeddable":true,"href":"https:\/\/engineering-learning.com\/de\/wp-json\/wp\/v2\/media\/3974"}],"wp:attachment":[{"href":"https:\/\/engineering-learning.com\/de\/wp-json\/wp\/v2\/media?parent=4057"}],"wp:term":[{"taxonomy":"product_cat","embeddable":true,"href":"https:\/\/engineering-learning.com\/de\/wp-json\/wp\/v2\/product_cat?post=4057"},{"taxonomy":"product_tag","embeddable":true,"href":"https:\/\/engineering-learning.com\/de\/wp-json\/wp\/v2\/product_tag?post=4057"}],"curies":[{"name":"wp","href":"https:\/\/api.w.org\/{rel}","templated":true}]}}